{"id":839,"date":"2021-06-08T14:09:30","date_gmt":"2021-06-08T11:09:30","guid":{"rendered":"https:\/\/monditaly.com\/kauppa\/?post_type=product&#038;p=839"},"modified":"2024-08-09T19:52:34","modified_gmt":"2024-08-09T16:52:34","slug":"valcolatte-mozzarella-di-bufala-campana-juusto-1ltk-3kg-250g-x-12kpl","status":"publish","type":"product","link":"https:\/\/monditaly.com\/kauppa\/tuote\/valcolatte-mozzarella-di-bufala-campana-juusto-1ltk-3kg-250g-x-12kpl\/","title":{"rendered":"Valcolatte Mozzarella di Bufala Campana juusto 1ltk, 3kg (250g x 12 kpl)"},"content":{"rendered":"<h3>Ainesosat:<\/h3>\n<p>Puhvelin maito Casertan alueelta, luonnollinen hera, suola, juoksute.<\/p>\n<p>Buffelmj\u00f6lk fr\u00e5n Caserta-omr\u00e5det, naturlig vassle, salt, l\u00f6pe.<\/p>\n<h3>Ravintoarvot per 100g:<\/h3>\n<p>Energia \/ Energi 1163 kJ \/ 277 kcal<br \/>\nRasva \/ Fett 25 g &#8211; josta tyydyttynytt\u00e4 \/ varav m\u00e4ttade 17 g<br \/>\nHiilihydraatit \/ Kolhydrat 0,8 g josta sokereita \/ varav sockerarter: 0,5 g<br \/>\nProteiini \/ Protein 12 g<br \/>\nSuola \/ Salt 0,56 g<\/p>\n","protected":false},"excerpt":{"rendered":"<p><strong>Tuote myyd\u00e4\u00e4n myyntier\u00e4n\u00e4 1 ltk (3 kg). \/ Sales unit 1 box (3 kg).<\/strong><\/p>\n","protected":false},"featured_media":1822,"template":"","meta":[],"product_brand":[],"product_cat":[36,163,246,251],"product_tag":[188,187],"class_list":{"0":"post-839","1":"product","2":"type-product","3":"status-publish","4":"has-post-thumbnail","6":"product_cat-viileat","7":"product_cat-viileat-horeca","8":"product_cat-juustot-horeca","9":"product_cat-mozzarella-horeca","10":"product_tag-bufala","11":"product_tag-cheese","12":"product_shipping_class-viileat-pakaste","14":"first","15":"onbackorder","16":"taxable","17":"shipping-taxable","18":"product-type-simple"},"_links":{"self":[{"href":"https:\/\/monditaly.com\/kauppa\/wp-json\/wp\/v2\/product\/839","targetHints":{"allow":["GET"]}}],"collection":[{"href":"https:\/\/monditaly.com\/kauppa\/wp-json\/wp\/v2\/product"}],"about":[{"href":"https:\/\/monditaly.com\/kauppa\/wp-json\/wp\/v2\/types\/product"}],"wp:featuredmedia":[{"embeddable":true,"href":"https:\/\/monditaly.com\/kauppa\/wp-json\/wp\/v2\/media\/1822"}],"wp:attachment":[{"href":"https:\/\/monditaly.com\/kauppa\/wp-json\/wp\/v2\/media?parent=839"}],"wp:term":[{"taxonomy":"product_brand","embeddable":true,"href":"https:\/\/monditaly.com\/kauppa\/wp-json\/wp\/v2\/product_brand?post=839"},{"taxonomy":"product_cat","embeddable":true,"href":"https:\/\/monditaly.com\/kauppa\/wp-json\/wp\/v2\/product_cat?post=839"},{"taxonomy":"product_tag","embeddable":true,"href":"https:\/\/monditaly.com\/kauppa\/wp-json\/wp\/v2\/product_tag?post=839"}],"curies":[{"name":"wp","href":"https:\/\/api.w.org\/{rel}","templated":true}]}}