{"id":841,"date":"2021-06-08T14:25:13","date_gmt":"2021-06-08T11:25:13","guid":{"rendered":"https:\/\/monditaly.com\/kauppa\/?post_type=product&#038;p=841"},"modified":"2026-04-10T00:01:32","modified_gmt":"2026-04-09T21:01:32","slug":"valcolatte-mozzarella-di-bufala-campana-juusto-2500g-125g-x-20kpl","status":"publish","type":"product","link":"https:\/\/monditaly.com\/kauppa\/tuote\/valcolatte-mozzarella-di-bufala-campana-juusto-2500g-125g-x-20kpl\/","title":{"rendered":"Valcolatte Mozzarella di Bufala Campana juusto 1ltk, 2,5kg (125g x 20 kpl)"},"content":{"rendered":"<h3>Ainesosat \/ Ingredienser:<\/h3>\n<p>Puhvelin maito Casertan alueelta, luonnollinen hera, suola, juoksute. <strong>Sis\u00e4lt\u00e4\u00e4 maitoa.<\/strong><\/p>\n<p>Buffelmj\u00f6lk fr\u00e5n Caserta-omr\u00e5det, naturlig vassle, salt, l\u00f6pe. <strong>Inneh\u00e5ller mj\u00f6lk.<\/strong><\/p>\n<h3>Ravintoarvot per 100g \/ N\u00e4ringsv\u00e4rde per 100g:<\/h3>\n<p>Energia \/ Energi 1198 kJ \/ 288 kcal<br \/>\nRasva \/ Fett 25 g<br \/>\njosta tyydyttym\u00e4tt\u00f6mi\u00e4 \/ varav m\u00e4ttade 17 g<br \/>\nHiilihydraatit \/ Kolhydrater 0,8 g<br \/>\njosta sokereita \/ varav sockerarter 0,5 g<br \/>\nProteiini \/ Protein 15 g<br \/>\nSuola \/ Salt 0,56 g<\/p>\n","protected":false},"excerpt":{"rendered":"<p><strong>Tuote myyd\u00e4\u00e4n myyntier\u00e4n\u00e4 1 ltk (2,5 kg). \/ Sales unit 1 box (2,5 kg).<\/strong><\/p>\n<p>Puhvelinmaitomozzarella 100% italialaisesta maidosta, josta valmistetaan tuoretta juustoa p\u00e4ivitt\u00e4in. Maito ker\u00e4t\u00e4\u00e4n Lombardiassa ja Emilia-Romagnassa sijaitsevilta tiloilta.<\/p>\n<p>Buffalo mozzarella Campana DOP.<\/p>\n","protected":false},"featured_media":1805,"template":"","meta":[],"product_brand":[],"product_cat":[462,36,163,246,251],"product_tag":[188,187],"class_list":{"0":"post-841","1":"product","2":"type-product","3":"status-publish","4":"has-post-thumbnail","6":"product_cat-kampanjatuotteet","7":"product_cat-viileat","8":"product_cat-viileat-horeca","9":"product_cat-juustot-horeca","10":"product_cat-mozzarella-horeca","11":"product_tag-bufala","12":"product_tag-cheese","13":"product_shipping_class-viileat-pakaste","15":"first","16":"instock","17":"taxable","18":"shipping-taxable","19":"product-type-simple"},"_links":{"self":[{"href":"https:\/\/monditaly.com\/kauppa\/wp-json\/wp\/v2\/product\/841","targetHints":{"allow":["GET"]}}],"collection":[{"href":"https:\/\/monditaly.com\/kauppa\/wp-json\/wp\/v2\/product"}],"about":[{"href":"https:\/\/monditaly.com\/kauppa\/wp-json\/wp\/v2\/types\/product"}],"wp:featuredmedia":[{"embeddable":true,"href":"https:\/\/monditaly.com\/kauppa\/wp-json\/wp\/v2\/media\/1805"}],"wp:attachment":[{"href":"https:\/\/monditaly.com\/kauppa\/wp-json\/wp\/v2\/media?parent=841"}],"wp:term":[{"taxonomy":"product_brand","embeddable":true,"href":"https:\/\/monditaly.com\/kauppa\/wp-json\/wp\/v2\/product_brand?post=841"},{"taxonomy":"product_cat","embeddable":true,"href":"https:\/\/monditaly.com\/kauppa\/wp-json\/wp\/v2\/product_cat?post=841"},{"taxonomy":"product_tag","embeddable":true,"href":"https:\/\/monditaly.com\/kauppa\/wp-json\/wp\/v2\/product_tag?post=841"}],"curies":[{"name":"wp","href":"https:\/\/api.w.org\/{rel}","templated":true}]}}