{"id":843,"date":"2021-06-08T14:29:51","date_gmt":"2021-06-08T11:29:51","guid":{"rendered":"https:\/\/monditaly.com\/kauppa\/?post_type=product&#038;p=843"},"modified":"2025-03-07T11:51:24","modified_gmt":"2025-03-07T09:51:24","slug":"ibis-siivutettu-ilmakuivattu-kinkku-1ltk-500g-x-9kpl","status":"publish","type":"product","link":"https:\/\/monditaly.com\/kauppa\/tuote\/ibis-siivutettu-ilmakuivattu-kinkku-1ltk-500g-x-9kpl\/","title":{"rendered":"Ibis siivutettu ilmakuivattu kinkku 1ltk (500g x 9 kpl)"},"content":{"rendered":"<h3>Ainesosat:<\/h3>\n<p>Sianpotka, suola, s\u00e4il\u00f6nt\u00e4aine: kaliumnitraatti (E252). Laktoositon ja gluteeniton.<\/p>\n<p>Svinskinka, salt, konserveringsmedel: kaliumnitrat (E252). Laktosfri och glutenfri.<\/p>\n<h3>Ravintoarvot per 100g:<\/h3>\n<p>Energia \/ Energi 848 kJ \/ 203 Kcal<br \/>\nRasva \/ Fett 110,50 g josta tyydyttynytt\u00e4 \/ varav m\u00e4ttade 3,0 g<br \/>\nHiilihydraatit \/ Kolhydrat 0 g joista sokereita \/ varav sockerarter 0 g<br \/>\nProteiini \/ Protein 27,0 g<br \/>\nSuola \/ Salt 5,50 g<\/p>\n","protected":false},"excerpt":{"rendered":"<p><strong>Tuote myyd\u00e4\u00e4n myyntier\u00e4n\u00e4 1 ltk (9 kpl). \/ Sales unit 1 box (9 pcs).<\/strong><\/p>\n","protected":false},"featured_media":1821,"template":"","meta":[],"product_brand":[],"product_cat":[36,163,252],"product_tag":[304,325,190,308,305,191,189],"class_list":{"0":"post-843","1":"product","2":"type-product","3":"status-publish","4":"has-post-thumbnail","6":"product_cat-viileat","7":"product_cat-viileat-horeca","8":"product_cat-siivutetut-salamit-ja-kinkut-horeca","9":"product_tag-gluteeniton","10":"product_tag-gluten-free","11":"product_tag-ham","12":"product_tag-lactose-free","13":"product_tag-laktoositon","14":"product_tag-parma","15":"product_tag-prosciutto","16":"product_shipping_class-viileat-pakaste","18":"first","19":"instock","20":"taxable","21":"shipping-taxable","22":"product-type-simple"},"_links":{"self":[{"href":"https:\/\/monditaly.com\/kauppa\/wp-json\/wp\/v2\/product\/843","targetHints":{"allow":["GET"]}}],"collection":[{"href":"https:\/\/monditaly.com\/kauppa\/wp-json\/wp\/v2\/product"}],"about":[{"href":"https:\/\/monditaly.com\/kauppa\/wp-json\/wp\/v2\/types\/product"}],"wp:featuredmedia":[{"embeddable":true,"href":"https:\/\/monditaly.com\/kauppa\/wp-json\/wp\/v2\/media\/1821"}],"wp:attachment":[{"href":"https:\/\/monditaly.com\/kauppa\/wp-json\/wp\/v2\/media?parent=843"}],"wp:term":[{"taxonomy":"product_brand","embeddable":true,"href":"https:\/\/monditaly.com\/kauppa\/wp-json\/wp\/v2\/product_brand?post=843"},{"taxonomy":"product_cat","embeddable":true,"href":"https:\/\/monditaly.com\/kauppa\/wp-json\/wp\/v2\/product_cat?post=843"},{"taxonomy":"product_tag","embeddable":true,"href":"https:\/\/monditaly.com\/kauppa\/wp-json\/wp\/v2\/product_tag?post=843"}],"curies":[{"name":"wp","href":"https:\/\/api.w.org\/{rel}","templated":true}]}}