{"id":871,"date":"2021-06-09T10:19:07","date_gmt":"2021-06-09T07:19:07","guid":{"rendered":"https:\/\/monditaly.com\/kauppa\/?post_type=product&#038;p=871"},"modified":"2024-07-12T13:00:21","modified_gmt":"2024-07-12T10:00:21","slug":"gimetal-uuniharja-metalliharjaksilla","status":"publish","type":"product","link":"https:\/\/monditaly.com\/kauppa\/tuote\/gimetal-uuniharja-metalliharjaksilla\/","title":{"rendered":"GiMetal uuniharja metalliharjaksilla"},"content":{"rendered":"","protected":false},"excerpt":{"rendered":"<p>Uuniharja metalliharjaksilla, varsi 150cm. Harjan koko 20cm x 6cm x 11cm. Puhdistaa uunista nopeasti ja tehokkaasti ruoan j\u00e4\u00e4nteet, jauhot ja tuhkat. Metalliharjakset poistavat sitkeimm\u00e4nkin lian.<\/p>\n<p>Oven brush with brass bristles, handle 150cm. Brush size 20cm x 6cm x 11cm. Enables quick and effective cleaning of refractory stone of food residues, the flour left by the pizza and the ashes.<\/p>\n","protected":false},"featured_media":2436,"template":"","meta":[],"product_brand":[],"product_cat":[15,285,286],"product_tag":[198,199,80],"class_list":{"0":"post-871","1":"product","2":"type-product","3":"status-publish","4":"has-post-thumbnail","6":"product_cat-non-food","7":"product_cat-keittiotarvikkeet","8":"product_cat-pizzatarvikkeet","9":"product_tag-brush","10":"product_tag-oven","11":"product_tag-pizza","12":"product_shipping_class-horeca","14":"first","15":"outofstock","16":"taxable","17":"shipping-taxable","18":"product-type-simple"},"_links":{"self":[{"href":"https:\/\/monditaly.com\/kauppa\/wp-json\/wp\/v2\/product\/871","targetHints":{"allow":["GET"]}}],"collection":[{"href":"https:\/\/monditaly.com\/kauppa\/wp-json\/wp\/v2\/product"}],"about":[{"href":"https:\/\/monditaly.com\/kauppa\/wp-json\/wp\/v2\/types\/product"}],"wp:featuredmedia":[{"embeddable":true,"href":"https:\/\/monditaly.com\/kauppa\/wp-json\/wp\/v2\/media\/2436"}],"wp:attachment":[{"href":"https:\/\/monditaly.com\/kauppa\/wp-json\/wp\/v2\/media?parent=871"}],"wp:term":[{"taxonomy":"product_brand","embeddable":true,"href":"https:\/\/monditaly.com\/kauppa\/wp-json\/wp\/v2\/product_brand?post=871"},{"taxonomy":"product_cat","embeddable":true,"href":"https:\/\/monditaly.com\/kauppa\/wp-json\/wp\/v2\/product_cat?post=871"},{"taxonomy":"product_tag","embeddable":true,"href":"https:\/\/monditaly.com\/kauppa\/wp-json\/wp\/v2\/product_tag?post=871"}],"curies":[{"name":"wp","href":"https:\/\/api.w.org\/{rel}","templated":true}]}}