{"id":904,"date":"2021-06-10T17:06:36","date_gmt":"2021-06-10T14:06:36","guid":{"rendered":"https:\/\/monditaly.com\/kauppa\/?post_type=product&#038;p=904"},"modified":"2024-06-07T12:01:28","modified_gmt":"2024-06-07T09:01:28","slug":"viander-bella-di-cerignola-vihrea-oliivi-suolavedessa-4300g","status":"publish","type":"product","link":"https:\/\/monditaly.com\/kauppa\/tuote\/viander-bella-di-cerignola-vihrea-oliivi-suolavedessa-4300g\/","title":{"rendered":"Viander Bella di Cerignola vihre\u00e4 oliivi suolavedess\u00e4 4,3kg"},"content":{"rendered":"<h3>Ainesosat \/ Ingredienser:<\/h3>\n<p>Vihre\u00e4t oliivit, vesi, suola hapettumisenestoaine: askorbiinihappo (E300), happamuudens\u00e4\u00e4t\u00f6aine: maitohappo (E270), sitruunahappo (E330).<\/p>\n<p>Gr\u00f6na oliver, vatten, salt, antioxidationsmedel: askorbinsyra (E300), surhetsreglerande medel: mj\u00f6lksyra (E270), citronsyra (E330).<\/p>\n<h3>Ravintoarvot per 100g \/ N\u00e4ringsv\u00e4rde per 100g:<\/h3>\n<p>Energia \/ Energi 880 kJ \/ 213 kcal<br \/>\nRasva \/ Fett 20 g<br \/>\njosta tyydyttynytt\u00e4 \/ varav m\u00e4ttade 3,3 g<br \/>\nHiilihydraatit \/ Kolhydrat 6,7 g<br \/>\njoista sokereita \/ varav sockerarter 0 g<br \/>\nKuitu \/ Fiber 3,3 g<br \/>\nProteiini \/ Protein 0 g<br \/>\nSuola \/ Salt 1,5 g<\/p>\n","protected":false},"excerpt":{"rendered":"<p>Isot vihre\u00e4t oliivit suolavedess\u00e4. Oliivien alkuper\u00e4: Italia. S\u00e4ilyt\u00e4 viile\u00e4ss\u00e4 ja kuivassa paikassa. S\u00e4ilyt\u00e4 avattu tuote j\u00e4\u00e4kaapissa ja k\u00e4yt\u00e4 lyhyen ajan sis\u00e4ll\u00e4.<\/p>\n<p>Giant green olives in brine. Origin: Italy.<\/p>\n","protected":false},"featured_media":2238,"template":"","meta":[],"product_brand":[],"product_cat":[46,110,70,103],"product_tag":[102,149],"class_list":{"0":"post-904","1":"product","2":"type-product","3":"status-publish","4":"has-post-thumbnail","6":"product_cat-teolliset_elintarvikkeet","7":"product_cat-horeca-teolliset-elintarvikkeet","8":"product_cat-sailykkeet-horeca","9":"product_cat-oliivit-horeca","10":"product_tag-oliivi","11":"product_tag-olive","12":"product_shipping_class-horeca","14":"first","15":"instock","16":"taxable","17":"shipping-taxable","18":"product-type-simple"},"_links":{"self":[{"href":"https:\/\/monditaly.com\/kauppa\/wp-json\/wp\/v2\/product\/904","targetHints":{"allow":["GET"]}}],"collection":[{"href":"https:\/\/monditaly.com\/kauppa\/wp-json\/wp\/v2\/product"}],"about":[{"href":"https:\/\/monditaly.com\/kauppa\/wp-json\/wp\/v2\/types\/product"}],"wp:featuredmedia":[{"embeddable":true,"href":"https:\/\/monditaly.com\/kauppa\/wp-json\/wp\/v2\/media\/2238"}],"wp:attachment":[{"href":"https:\/\/monditaly.com\/kauppa\/wp-json\/wp\/v2\/media?parent=904"}],"wp:term":[{"taxonomy":"product_brand","embeddable":true,"href":"https:\/\/monditaly.com\/kauppa\/wp-json\/wp\/v2\/product_brand?post=904"},{"taxonomy":"product_cat","embeddable":true,"href":"https:\/\/monditaly.com\/kauppa\/wp-json\/wp\/v2\/product_cat?post=904"},{"taxonomy":"product_tag","embeddable":true,"href":"https:\/\/monditaly.com\/kauppa\/wp-json\/wp\/v2\/product_tag?post=904"}],"curies":[{"name":"wp","href":"https:\/\/api.w.org\/{rel}","templated":true}]}}