{"id":905,"date":"2021-06-10T21:06:12","date_gmt":"2021-06-10T18:06:12","guid":{"rendered":"https:\/\/monditaly.com\/kauppa\/?post_type=product&#038;p=905"},"modified":"2025-03-07T11:47:36","modified_gmt":"2025-03-07T09:47:36","slug":"ibis-napoli-siivutettu-salami-1ltk-500g-x-6kpl","status":"publish","type":"product","link":"https:\/\/monditaly.com\/kauppa\/tuote\/ibis-napoli-siivutettu-salami-1ltk-500g-x-6kpl\/","title":{"rendered":"Ibis Napoli siivutettu salami 1ltk (500g x 6 kpl)"},"content":{"rendered":"<h3>Ainesosat:<\/h3>\n<p>Sianliha, suola, dekstroosi, mausteet, makuaineet, hapettumisenestoaine: natriumaskorbaatti (E301), s\u00e4il\u00f6nt\u00e4aineet: natriumnitriitti (E250), kaliumnitraatti (E252).<\/p>\n<p>Fl\u00e4skk\u00f6tt, salt, dextros, kryddor, smak\u00e4mnen, antioxidationsmedel: natriumaskorbat (E301), konserveringsmedel: natriumnitrit (E250), kaliumnitrat (E252).<\/p>\n<h3>Ravintoarvot per 100g:<\/h3>\n<p>Energia \/ Energi 1715 kJ \/ 414 kcal<br \/>\nRasva \/ Fett 36 g josta tyydyttynytt\u00e4 \/ varav m\u00e4ttade 9,3 g<br \/>\nHiilihydraatit \/ Kolhydrat 0,5 g joista sokereita \/ varav sockerarter 0,5 g<br \/>\nProteiini \/ Protein 22 g<br \/>\nSuola \/ Salt 4,1 g<\/p>\n","protected":false},"excerpt":{"rendered":"<p><strong>Tuote myyd\u00e4\u00e4n myyntier\u00e4n\u00e4 1 ltk (6 kpl). \/ Sales unit 1 box (6 pcs).<\/strong><\/p>\n<p>Napolin salami, karkeasti jauhettu. Valikoitu liha jauhetaan ja sekoitetaan suolan, mausteiden ja makuaineiden kanssa. Seos laitetaan lieri\u00f6m\u00e4iseen perinteiseen synteettiseen kuoreen ja kypsytet\u00e4\u00e4n. Napolin salami on muotoiltu, kuorittu ja siivutettu ja pakattu MAP-rasiaan. S\u00e4ilytys 0\/+4\u00b0C.<\/p>\n<p>Salame Napoli in large grains. The selected meats are minced and mixed with salt, spices and flavourings, stuffed into cylindrical traditional synthetic casing and cured. Salame Napoli is brushed, peeled, sliced and MAP packed in trays.<\/p>\n","protected":false},"featured_media":1290,"template":"","meta":[],"product_brand":[],"product_cat":[36,163,166],"product_tag":[192],"class_list":{"0":"post-905","1":"product","2":"type-product","3":"status-publish","4":"has-post-thumbnail","6":"product_cat-viileat","7":"product_cat-viileat-horeca","8":"product_cat-salamit-ja-kinkut-horeca","9":"product_tag-salame","10":"product_shipping_class-viileat-pakaste","12":"first","13":"instock","14":"taxable","15":"shipping-taxable","16":"product-type-simple"},"_links":{"self":[{"href":"https:\/\/monditaly.com\/kauppa\/wp-json\/wp\/v2\/product\/905","targetHints":{"allow":["GET"]}}],"collection":[{"href":"https:\/\/monditaly.com\/kauppa\/wp-json\/wp\/v2\/product"}],"about":[{"href":"https:\/\/monditaly.com\/kauppa\/wp-json\/wp\/v2\/types\/product"}],"wp:featuredmedia":[{"embeddable":true,"href":"https:\/\/monditaly.com\/kauppa\/wp-json\/wp\/v2\/media\/1290"}],"wp:attachment":[{"href":"https:\/\/monditaly.com\/kauppa\/wp-json\/wp\/v2\/media?parent=905"}],"wp:term":[{"taxonomy":"product_brand","embeddable":true,"href":"https:\/\/monditaly.com\/kauppa\/wp-json\/wp\/v2\/product_brand?post=905"},{"taxonomy":"product_cat","embeddable":true,"href":"https:\/\/monditaly.com\/kauppa\/wp-json\/wp\/v2\/product_cat?post=905"},{"taxonomy":"product_tag","embeddable":true,"href":"https:\/\/monditaly.com\/kauppa\/wp-json\/wp\/v2\/product_tag?post=905"}],"curies":[{"name":"wp","href":"https:\/\/api.w.org\/{rel}","templated":true}]}}