{"id":908,"date":"2021-06-10T21:30:04","date_gmt":"2021-06-10T18:30:04","guid":{"rendered":"https:\/\/monditaly.com\/kauppa\/?post_type=product&#038;p=908"},"modified":"2025-01-02T10:58:46","modified_gmt":"2025-01-02T08:58:46","slug":"pasini-durumvehna-semola-jauho-5kg","status":"publish","type":"product","link":"https:\/\/monditaly.com\/kauppa\/tuote\/pasini-durumvehna-semola-jauho-5kg\/","title":{"rendered":"Pasini durumvehn\u00e4 semola jauho 5kg"},"content":{"rendered":"<h3>Ainesosat \/ Ingredienser:<\/h3>\n<p><span data-sheets-formula-bar-text-style=\"font-size:11px;color:#000000;font-weight:normal;text-decoration:none;font-family:'docs-Lato';font-style:normal;text-decoration-skip-ink:none;\">Durumvehn\u00e4. <strong>Sis\u00e4lt\u00e4\u00e4 glu<span style=\"font-size: 14.4px;\" data-sheets-formula-bar-text-style=\"font-size:11px;color:#000000;font-weight:bold;text-decoration:none;font-family:''docs-Lato'';font-style:normal;text-decoration-skip-ink:none;\">teenia<\/span><span style=\"font-size: 14.4px;\" data-sheets-formula-bar-text-style=\"font-size:11px;color:#000000;font-weight:normal;text-decoration:none;font-family:'docs-Lato';font-style:normal;text-decoration-skip-ink:none;\">, saattaa sis\u00e4lt\u00e4\u00e4 soijaa.<\/span><\/strong> <\/span><\/p>\n<p><span data-sheets-formula-bar-text-style=\"font-size:11px;color:#000000;font-weight:normal;text-decoration:none;font-family:'docs-Lato';font-style:normal;text-decoration-skip-ink:none;\">Durumvete. <\/span><strong><span style=\"font-size: 14.4px;\" data-sheets-formula-bar-text-style=\"font-size:11px;color:#000000;font-weight:normal;text-decoration:none;font-family:'docs-Lato';font-style:normal;text-decoration-skip-ink:none;\">Inneh\u00e5ller <\/span><span style=\"font-size: 14.4px;\" data-sheets-formula-bar-text-style=\"font-size:11px;color:#000000;font-weight:bold;text-decoration:none;font-family:''docs-Lato'';font-style:normal;text-decoration-skip-ink:none;\">gluten<\/span><span style=\"font-size: 14.4px;\" data-sheets-formula-bar-text-style=\"font-size:11px;color:#000000;font-weight:normal;text-decoration:none;font-family:'docs-Lato';font-style:normal;text-decoration-skip-ink:none;\">, kan inneh\u00e5lla soja.<\/span><\/strong><\/p>\n<h3>Ravintoarvot per 100g \/ N\u00e4ringsv\u00e4rde per 100g:<\/h3>\n<p>Energia \/ Energi 1481 kJ \/ 339 kcal<br \/>\nRasva \/ Fett 0,5 g<br \/>\njosta tyydyttynytt\u00e4 \/ varav m\u00e4ttade 0,1 g<br \/>\nHiilihydraatit \/ Kolhydrater 77 g<br \/>\njoista sokereita \/ varav sockerarter 1,9 g<br \/>\nKuitu \/ Fiber 3,6 g<br \/>\nProteiini \/ Protein 10,7 g<br \/>\nSuola \/ Salt 0 g<\/p>\n","protected":false},"excerpt":{"rendered":"<p>Italiassa valmistettu durumvehn\u00e4jauho tuorepastan valmistukseen.<\/p>\n<p>Durum semolina for dry pasta.<\/p>\n","protected":false},"featured_media":6241,"template":"","meta":[],"product_brand":[],"product_cat":[196,46,110,74,156],"product_tag":[202],"class_list":{"0":"post-908","1":"product","2":"type-product","3":"status-publish","4":"has-post-thumbnail","6":"product_cat-kilokauppa","7":"product_cat-teolliset_elintarvikkeet","8":"product_cat-horeca-teolliset-elintarvikkeet","9":"product_cat-kuivat-elintarvikkeet-horeca","10":"product_cat-jauhot-horeca","11":"product_tag-flour","12":"product_shipping_class-horeca","14":"first","15":"instock","16":"taxable","17":"shipping-taxable","18":"product-type-simple"},"_links":{"self":[{"href":"https:\/\/monditaly.com\/kauppa\/wp-json\/wp\/v2\/product\/908","targetHints":{"allow":["GET"]}}],"collection":[{"href":"https:\/\/monditaly.com\/kauppa\/wp-json\/wp\/v2\/product"}],"about":[{"href":"https:\/\/monditaly.com\/kauppa\/wp-json\/wp\/v2\/types\/product"}],"wp:featuredmedia":[{"embeddable":true,"href":"https:\/\/monditaly.com\/kauppa\/wp-json\/wp\/v2\/media\/6241"}],"wp:attachment":[{"href":"https:\/\/monditaly.com\/kauppa\/wp-json\/wp\/v2\/media?parent=908"}],"wp:term":[{"taxonomy":"product_brand","embeddable":true,"href":"https:\/\/monditaly.com\/kauppa\/wp-json\/wp\/v2\/product_brand?post=908"},{"taxonomy":"product_cat","embeddable":true,"href":"https:\/\/monditaly.com\/kauppa\/wp-json\/wp\/v2\/product_cat?post=908"},{"taxonomy":"product_tag","embeddable":true,"href":"https:\/\/monditaly.com\/kauppa\/wp-json\/wp\/v2\/product_tag?post=908"}],"curies":[{"name":"wp","href":"https:\/\/api.w.org\/{rel}","templated":true}]}}