{"id":918,"date":"2021-06-11T15:12:05","date_gmt":"2021-06-11T12:12:05","guid":{"rendered":"https:\/\/monditaly.com\/kauppa\/?post_type=product&#038;p=918"},"modified":"2025-03-07T11:53:50","modified_gmt":"2025-03-07T09:53:50","slug":"ibis-spianata-piccante-siivutettu-salami-1ltk-500g-x-6kpl","status":"publish","type":"product","link":"https:\/\/monditaly.com\/kauppa\/tuote\/ibis-spianata-piccante-siivutettu-salami-1ltk-500g-x-6kpl\/","title":{"rendered":"Ibis Spianata Piccante siivutettu salami 1ltk (500g x 6 kpl)"},"content":{"rendered":"<h3>Ainesosat:<\/h3>\n<p>Sianliha, suola, dekstroosi, mausteet, makuaineet, hapettumisenestoaine: natriumaskorbaatti (E301), s\u00e4il\u00f6nt\u00e4aineet: natriumnitriitti (E250), kaliumnitraatti (E252).<\/p>\n<p>Fl\u00e4skk\u00f6tt, salt, dextros, kryddor, smak\u00e4mnen, antioxidationsmedel: natriumaskorbat (E301), konserveringsmedel: natriumnitrit (E250), kaliumnitrat (E252).<\/p>\n<h3>Ravintoarvot per 100g:<\/h3>\n<p>Energia \/ Energi 1715 kJ \/ 414 kcal<br \/>\nRasva \/ Fett 36,0 g josta tyydyttynytt\u00e4 \/ varav m\u00e4ttade 9,3 g<br \/>\nHiilihydraatit \/ Kolhydrat 0,5 g joista sokereita \/ varav sockerarter 0,5 g<br \/>\nProteiini \/ Protein 22,0 g<br \/>\nKuitu \/ Fiber 0,0 g<br \/>\nSuola \/ Salt 4,10 g<\/p>\n<p>&nbsp;<\/p>\n","protected":false},"excerpt":{"rendered":"<p>Ainesosat: Sianliha, suola, dekstroosi, mausteet, makuaineet, hapettumisenestoaine: natriumaskorbaatti (E301), s\u00e4il\u00f6nt\u00e4aineet: natriumnitriitti (E250), kaliumnitraatti (E252). Fl\u00e4skk\u00f6tt, salt, dextros, kryddor, smak\u00e4mnen, antioxidationsmedel: natriumaskorbat (E301), konserveringsmedel: natriumnitrit (E250), kaliumnitrat (E252). Ravintoarvot per 100g: Energia \/ Energi 1715 kJ \/ 414 kcal Rasva \/ Fett 36,0 g josta tyydyttynytt\u00e4 \/ varav m\u00e4ttade 9,3 g Hiilihydraatit \/ Kolhydrat 0,5 g [&#8230;]\n","protected":false},"featured_media":1494,"template":"","meta":[],"product_brand":[],"product_cat":[163,165,252],"product_tag":[192],"class_list":{"0":"post-918","1":"product","2":"type-product","3":"status-publish","4":"has-post-thumbnail","6":"product_cat-viileat-horeca","7":"product_cat-lihat-horeca","8":"product_cat-siivutetut-salamit-ja-kinkut-horeca","9":"product_tag-salame","10":"product_shipping_class-viileat-pakaste","12":"first","13":"instock","14":"taxable","15":"shipping-taxable","16":"product-type-simple"},"_links":{"self":[{"href":"https:\/\/monditaly.com\/kauppa\/wp-json\/wp\/v2\/product\/918","targetHints":{"allow":["GET"]}}],"collection":[{"href":"https:\/\/monditaly.com\/kauppa\/wp-json\/wp\/v2\/product"}],"about":[{"href":"https:\/\/monditaly.com\/kauppa\/wp-json\/wp\/v2\/types\/product"}],"wp:featuredmedia":[{"embeddable":true,"href":"https:\/\/monditaly.com\/kauppa\/wp-json\/wp\/v2\/media\/1494"}],"wp:attachment":[{"href":"https:\/\/monditaly.com\/kauppa\/wp-json\/wp\/v2\/media?parent=918"}],"wp:term":[{"taxonomy":"product_brand","embeddable":true,"href":"https:\/\/monditaly.com\/kauppa\/wp-json\/wp\/v2\/product_brand?post=918"},{"taxonomy":"product_cat","embeddable":true,"href":"https:\/\/monditaly.com\/kauppa\/wp-json\/wp\/v2\/product_cat?post=918"},{"taxonomy":"product_tag","embeddable":true,"href":"https:\/\/monditaly.com\/kauppa\/wp-json\/wp\/v2\/product_tag?post=918"}],"curies":[{"name":"wp","href":"https:\/\/api.w.org\/{rel}","templated":true}]}}