{"id":920,"date":"2021-06-11T15:27:21","date_gmt":"2021-06-11T12:27:21","guid":{"rendered":"https:\/\/monditaly.com\/kauppa\/?post_type=product&#038;p=920"},"modified":"2024-07-06T13:02:53","modified_gmt":"2024-07-06T10:02:53","slug":"goccia-doro-modenan-balsamico-igp-viinietikka-1ltk","status":"publish","type":"product","link":"https:\/\/monditaly.com\/kauppa\/tuote\/goccia-doro-modenan-balsamico-igp-viinietikka-1ltk\/","title":{"rendered":"Goccia d&#8217;Oro Modenan Balsamico IGP viinietikka 1ltk (1l x 12 kpl)"},"content":{"rendered":"<h3>Ainesosat \/ Ingredienser:<\/h3>\n<p>Modenan balsamiviinietikka IGP. Viinietikka, ryp\u00e4leen puristemehu, v\u00e4riaine E150d. Sis\u00e4lt\u00e4\u00e4 <strong>sulfiitteja<\/strong>. Happamuus 6%.<\/p>\n<p>Aceto Balsamico di Modena IGP. Vin\u00e4ger, druvmust, f\u00e4rg\u00e4mne: E150d. Inneh\u00e5ller <strong>sulfiter<\/strong>. Surhet 6%.<\/p>\n<h3>Ravintoarvot per 100g \/ N\u00e4ringsv\u00e4rde per 100g:<\/h3>\n","protected":false},"excerpt":{"rendered":"<p><strong>Tuote myyd\u00e4\u00e4n myyntier\u00e4n\u00e4 1 ltk (1l x 12 kpl). \/ Sales unit 1 box (1l x 12 pcs).<\/strong><\/p>\n<p>Aito Modenan balsamico miellytt\u00e4v\u00e4n tasapainoisella hapokkuudella. Sopii erityisesti kypsent\u00e4m\u00e4tt\u00f6mien vihannesten ja salaattien, kastikkeiden, riistan, punaisen lihan ja patojen maustamiseen. S\u00e4ilytett\u00e4v\u00e4 viile\u00e4ss\u00e4 ja kuivassa paikassa, poissa auringonvalosta.<\/p>\n<p>Authentic Modena balsamic with a pleasantly balanced acidity. Especially suitable for seasoning uncooked vegetables and salads, sauces, game, red meat and stews.<\/p>\n","protected":false},"featured_media":2250,"template":"","meta":[],"product_brand":[],"product_cat":[110,76,161],"product_tag":[413],"class_list":{"0":"post-920","1":"product","2":"type-product","3":"status-publish","4":"has-post-thumbnail","6":"product_cat-horeca-teolliset-elintarvikkeet","7":"product_cat-oljyt-balsamicot-ja-etikat-horeca","8":"product_cat-balsamicot-horeca","9":"product_tag-vinegar","10":"product_shipping_class-horeca","12":"first","13":"instock","14":"taxable","15":"shipping-taxable","16":"product-type-simple"},"_links":{"self":[{"href":"https:\/\/monditaly.com\/kauppa\/wp-json\/wp\/v2\/product\/920","targetHints":{"allow":["GET"]}}],"collection":[{"href":"https:\/\/monditaly.com\/kauppa\/wp-json\/wp\/v2\/product"}],"about":[{"href":"https:\/\/monditaly.com\/kauppa\/wp-json\/wp\/v2\/types\/product"}],"wp:featuredmedia":[{"embeddable":true,"href":"https:\/\/monditaly.com\/kauppa\/wp-json\/wp\/v2\/media\/2250"}],"wp:attachment":[{"href":"https:\/\/monditaly.com\/kauppa\/wp-json\/wp\/v2\/media?parent=920"}],"wp:term":[{"taxonomy":"product_brand","embeddable":true,"href":"https:\/\/monditaly.com\/kauppa\/wp-json\/wp\/v2\/product_brand?post=920"},{"taxonomy":"product_cat","embeddable":true,"href":"https:\/\/monditaly.com\/kauppa\/wp-json\/wp\/v2\/product_cat?post=920"},{"taxonomy":"product_tag","embeddable":true,"href":"https:\/\/monditaly.com\/kauppa\/wp-json\/wp\/v2\/product_tag?post=920"}],"curies":[{"name":"wp","href":"https:\/\/api.w.org\/{rel}","templated":true}]}}